{"id":282,"date":"2022-08-19T22:27:39","date_gmt":"2022-08-19T20:27:39","guid":{"rendered":"http:\/\/www.zosp.bydgoszcz.pl\/?page_id=282"},"modified":"2025-06-07T20:18:46","modified_gmt":"2025-06-07T18:18:46","slug":"wyniki-zawodow-wojewodzkich-mdp","status":"publish","type":"page","link":"http:\/\/www.zosp.bydgoszcz.pl\/?page_id=282","title":{"rendered":"Wyniki zawod\u00f3w Wojew\u00f3dzkich MDP"},"content":{"rendered":"\n<p>Wyniki Zawod\u00f3w<\/p>\n\n\n\n<p><a href=\"http:\/\/www.zosp.bydgoszcz.pl\/pdf\/wyniki_zawodow\/zawody_wojewodzkieMDP\/II_wojewodzkieMDP2003.pdf\">II Wojew\u00f3dzkie Zawody MDP 2003<\/a><\/p>\n\n\n\n<p><a href=\"http:\/\/www.zosp.bydgoszcz.pl\/pdf\/wyniki_zawodow\/zawody_wojewodzkieMDP\/III_wojewodzkieMDP2004.pdf\">III Wojew\u00f3dzkie Zawody MDP 2004<\/a><\/p>\n\n\n\n<p><a href=\"http:\/\/www.zosp.bydgoszcz.pl\/pdf\/wyniki_zawodow\/zawody_wojewodzkieMDP\/IV_wojewodzkieMDP2005.pdf\">IV Wojew\u00f3dzkie Zawody MDP 2005<\/a><\/p>\n\n\n\n<p><a href=\"http:\/\/www.zosp.bydgoszcz.pl\/pdf\/wyniki_zawodow\/zawody_wojewodzkieMDP\/V_wojewodzkieMDP2006.pdf\">V Wojew\u00f3dzkie Zawody MDP 2006<\/a><\/p>\n\n\n\n<p><a href=\"http:\/\/www.zosp.bydgoszcz.pl\/pdf\/wyniki_zawodow\/zawody_wojewodzkieMDP\/VI_wojewodzkieMDP_2007.pdf\">VI Wojew\u00f3dzkie Zawody MDP 2007<\/a><\/p>\n\n\n\n<p><a href=\"http:\/\/www.zosp.bydgoszcz.pl\/pdf\/wyniki_zawodow\/zawody_wojewodzkieMDP\/VII_wojewodzkieMDP2008.pdf\">VII Wojew\u00f3dzkie Zawody MDP 2008<\/a><\/p>\n\n\n\n<p><a href=\"http:\/\/www.zosp.bydgoszcz.pl\/pdf\/wyniki_zawodow\/zawody_wojewodzkieMDP\/VIII_wojewodzkieMDP2009.pdf\">VIII Wojew\u00f3dzkie Zawody MDP 2009<\/a><\/p>\n\n\n\n<p><a href=\"http:\/\/www.zosp.bydgoszcz.pl\/pdf\/wyniki_zawodow\/zawody_wojewodzkieMDP\/IX_wojewodzkieMDP2010.pdf\">IX Wojew\u00f3dzkie Zawody MDP 2010<\/a><\/p>\n\n\n\n<p><a href=\"http:\/\/www.zosp.bydgoszcz.pl\/pdf\/wyniki_zawodow\/zawody_wojewodzkieMDP\/X_wojewodzkieMDP2011.pdf\">X Wojew\u00f3dzkie Zawody MDP 2011&nbsp; <\/a>&nbsp;&nbsp;&nbsp;&nbsp;<a href=\"http:\/\/www.zosp.bydgoszcz.pl\/pdf\/wyniki_zawodow\/zawody_wojewodzkieMDP\/X_wojewodzkieMDP2011_goscie.pdf\">go\u015bcie<\/a><\/p>\n\n\n\n<p>XI Wojew\u00f3dzkie Zawody MDP 2012 <a href=\"http:\/\/www.zosp.bydgoszcz.pl\/pdf\/wyniki_zawodow\/zawody_wojewodzkieMDP\/XI_wojewodzkieMDP2012__chlopcy.pdf\">ch\u0142opcy<\/a>&nbsp; <a href=\"http:\/\/www.zosp.bydgoszcz.pl\/pdf\/wyniki_zawodow\/zawody_wojewodzkieMDP\/XI_wojewodzkieMDP2012_dziewczeta.pdf\">dziewcz\u0119ta<\/a>&nbsp;<\/p>\n\n\n\n<p><a href=\"http:\/\/www.zosp.bydgoszcz.pl\/pdf\/wyniki_zawodow\/zawody_wojewodzkieMDP\/XIII_wojewodzkieMDP2014.pdf\">XIII Wojew\u00f3dzkie Zawody MDP 2014<\/a><\/p>\n\n\n\n<p>XIV Wojew\u00f3dzkie Zawody MDP 2015 <a href=\"http:\/\/www.zosp.bydgoszcz.pl\/pdf\/wyniki_zawodow\/zawody_wojewodzkieMDP\/XIV_wojew\u00f3dzkieMDP2015_chlopcy.pdf\">ch\u0142opcy<\/a>&nbsp;&nbsp; <a href=\"http:\/\/www.zosp.bydgoszcz.pl\/pdf\/wyniki_zawodow\/zawody_wojewodzkieMDP\/XIV_wojew\u00f3dzkieMDP2015_dziewczeta.pdf\">dziewcz\u0119ta<\/a>&nbsp; <a href=\"http:\/\/www.zosp.bydgoszcz.pl\/pdf\/wyniki_zawodow\/zawody_wojewodzkieMDP\/XIV_wojew\u00f3dzkieMDP2015_goscie.pdf\">go\u015bcie<\/a><\/p>\n\n\n\n<p><a href=\"http:\/\/www.zosp.bydgoszcz.pl\/pdf\/wyniki_zawodow\/zawody_wojewodzkieMDP\/XV_wojewodzkieMDP2016.pdf\">XV Wojew\u00f3dzkie Zawody MDP 2016<\/a><\/p>\n\n\n\n<p><a href=\"http:\/\/www.zosp.bydgoszcz.pl\/pdf\/wyniki_zawodow\/zawody_wojewodzkieMDP\/XVI_wojewodzkieMDP2017.pdf\">XVI Wojew\u00f3dzkie Zawody MDP 2017<\/a><\/p>\n\n\n\n<p>XVII Wojew\u00f3dzkie Zawody MDP 2018 <a href=\"http:\/\/www.zosp.bydgoszcz.pl\/pdf\/wyniki_zawodow\/zawody_wojewodzkieMDP\/XVII_wojewodzkieMDP2018_chlopcy.pdf\">ch\u0142opcy<\/a>&nbsp; <a href=\"http:\/\/www.zosp.bydgoszcz.pl\/pdf\/wyniki_zawodow\/zawody_wojewodzkieMDP\/XVII_wojewodzkieMDP2018_dziewczeta.pdf\">dziewcz\u0119ta<\/a><\/p>\n\n\n\n<p><a href=\"http:\/\/www.zosp.bydgoszcz.pl\/pdf\/wyniki_zawodow\/zawody_wojewodzkieMDP\/XVIII_wojewodzkieMDP2019.pdf\">XVIII Wojew\u00f3dzkie Zawody MDP 2019<\/a><\/p>\n\n\n\n<p><a href=\"http:\/\/www.zosp.bydgoszcz.pl\/pdf\/wyniki_zawodow\/zawody_wojewodzkieMDP\/XIX_wojewodzkieMDP2021.pdf\">XIX Wojew\u00f3dzkie Zawody MDP 2021<\/a><\/p>\n\n\n\n<p><a href=\"http:\/\/www.zosp.bydgoszcz.pl\/pdf\/wyniki_zawodow\/2022\/protokol_wojewodzkie_MDP_Bydgoszcz2022.pdf\">XX Wojew\u00f3dzkie Zawody MDP 2022<\/a><\/p>\n\n\n\n<p><a href=\"http:\/\/www.zosp.bydgoszcz.pl\/pdf\/wyniki_zawodow\/2023\/protokol_wojewodzkie_MDP_Czernikowo2023.pdf\">XXI Wojew\u00f3dzkie Zawody MDP 2023<\/a><\/p>\n\n\n\n<p><a href=\"http:\/\/www.zosp.bydgoszcz.pl\/pdf\/wyniki_zawodow\/2024\/protokol_wojewodzkie_MDP_Mogilno2024.pdf\">XXII Wojew\u00f3dzkie Zawody MDP 2024<\/a><\/p>\n\n\n\n<p><a href=\"http:\/\/www.zosp.bydgoszcz.pl\/pdf\/wyniki_zawodow\/2024\/protokol_I_HaloweMistrzostwaWojewdztwaMDP.pdf\">I Wojew\u00f3dzkie Halowe Zawody Sportowo-Po\u017carnicze MDP 2024<\/a><\/p>\n\n\n\n<p><a href=\"http:\/\/www.zosp.bydgoszcz.pl\/pdf\/wyniki_zawodow\/2025\/protokol_wojewodzkie_MDP_Skepe2025.pdf\">XXII Wojew\u00f3dzkie Zawody MDP 2025<\/a><\/p>\n","protected":false},"excerpt":{"rendered":"<p>Wyniki Zawod\u00f3w II Wojew\u00f3dzkie Zawody MDP 2003 III Wojew\u00f3dzkie Zawody MDP 2004 IV Wojew\u00f3dzkie Zawody MDP 2005 V Wojew\u00f3dzkie Zawody MDP 2006 VI Wojew\u00f3dzkie Zawody MDP 2007 VII Wojew\u00f3dzkie Zawody MDP 2008 VIII Wojew\u00f3dzkie Zawody MDP 2009 IX Wojew\u00f3dzkie Zawody MDP 2010 X Wojew\u00f3dzkie Zawody MDP 2011&nbsp; &nbsp;&nbsp;&nbsp;&nbsp;go\u015bcie XI Wojew\u00f3dzkie Zawody MDP 2012 ch\u0142opcy&nbsp; dziewcz\u0119ta&nbsp; &hellip; <a href=\"http:\/\/www.zosp.bydgoszcz.pl\/?page_id=282\" class=\"more-link\">Czytaj dalej <span class=\"screen-reader-text\">Wyniki zawod\u00f3w Wojew\u00f3dzkich MDP<\/span> <span class=\"meta-nav\">&rarr;<\/span><\/a><\/p>\n","protected":false},"author":2,"featured_media":0,"parent":0,"menu_order":0,"comment_status":"closed","ping_status":"closed","template":"","meta":{"ngg_post_thumbnail":0,"footnotes":""},"class_list":["post-282","page","type-page","status-publish","hentry"],"_links":{"self":[{"href":"http:\/\/www.zosp.bydgoszcz.pl\/index.php?rest_route=\/wp\/v2\/pages\/282","targetHints":{"allow":["GET"]}}],"collection":[{"href":"http:\/\/www.zosp.bydgoszcz.pl\/index.php?rest_route=\/wp\/v2\/pages"}],"about":[{"href":"http:\/\/www.zosp.bydgoszcz.pl\/index.php?rest_route=\/wp\/v2\/types\/page"}],"author":[{"embeddable":true,"href":"http:\/\/www.zosp.bydgoszcz.pl\/index.php?rest_route=\/wp\/v2\/users\/2"}],"replies":[{"embeddable":true,"href":"http:\/\/www.zosp.bydgoszcz.pl\/index.php?rest_route=%2Fwp%2Fv2%2Fcomments&post=282"}],"version-history":[{"count":3,"href":"http:\/\/www.zosp.bydgoszcz.pl\/index.php?rest_route=\/wp\/v2\/pages\/282\/revisions"}],"predecessor-version":[{"id":2179,"href":"http:\/\/www.zosp.bydgoszcz.pl\/index.php?rest_route=\/wp\/v2\/pages\/282\/revisions\/2179"}],"wp:attachment":[{"href":"http:\/\/www.zosp.bydgoszcz.pl\/index.php?rest_route=%2Fwp%2Fv2%2Fmedia&parent=282"}],"curies":[{"name":"wp","href":"https:\/\/api.w.org\/{rel}","templated":true}]}}