{"id":21,"date":"2022-08-11T07:00:57","date_gmt":"2022-08-11T05:00:57","guid":{"rendered":"http:\/\/www.zosp.bydgoszcz.pl\/?page_id=21"},"modified":"2022-08-12T23:37:29","modified_gmt":"2022-08-12T21:37:29","slug":"mdp","status":"publish","type":"page","link":"http:\/\/www.zosp.bydgoszcz.pl\/?page_id=21","title":{"rendered":"MDP"},"content":{"rendered":"\n<p class=\"has-large-font-size\">M\u0142odzie\u017cowe Dru\u017cyny Po\u017carnicze <\/p>\n\n\n\n<p class=\"has-medium-font-size\">Sk\u0142ad Komisji do spraw m\u0142odzie\u017cy 2021-2026<\/p>\n\n\n\n<p>Przewodnicz\u0105cy \u2013 Burzy\u0144ski Jerzy,<br>Sekretarz \u2013 Mieczkowska Agnieszka<br>Cz\u0142onek \u2013 Kalinowska Jolanta,<br>Cz\u0142onek \u2013 Szmyt Ewa,<br>Cz\u0142onek \u2013 Wilandt Izabela,<br>Cz\u0142onek \u2013 Kroll J\u0119drzej,<br>Cz\u0142onek \u2013 Grzeli\u0144ski Damian,<br>Cz\u0142onek \u2013 Schalau Roman,<br>przygotowa\u0142: Leszek Szmyt<\/p>\n\n\n\n<p>M\u0142odzie\u017c w OSP to pewno\u015b\u0107, \u017ce jednostka b\u0119dzie w przysz\u0142o\u015bci spe\u0142nia\u0107 swoje zadania. To dzi\u0119ki inwestowaniu w szkolenie MDP mamy pewno\u015b\u0107, \u017ce po\u017carnictwo b\u0119dzie mia\u0142o dobrze przygotowane zaplecze kadrowe, a spo\u0142ecze\u0144stwo wyszkolonych obywateli wiedz\u0105cych jak zareagowa\u0107 na wypadek zagro\u017cenia. W Bydgoszczy w latach 70-80 by\u0142y bardzo popularne dru\u017cyny m\u0142odzie\u017cowe, praca z m\u0142odzie\u017c\u0105 w Zak\u0142adowych OSP by\u0142a u\u0142atwiona dzi\u0119ki temu \u017ce w zak\u0142adach pracy by\u0142y Szko\u0142y Przyzak\u0142adowe, z kt\u00f3rych rekrutowali si\u0119 m\u0142odzi stra\u017cacy. Po przemianach gospodarczych i politycznych jakie nast\u0105pi\u0142y w latach 90, w naszym kraju wiele firm funkcjonuj\u0105cych w Bydgoszczy znikn\u0119\u0142o z mapy miasta a co si\u0119 z tym wi\u0105\u017ce wiele zak\u0142adowych OSP. Szko\u0142y przyzak\u0142adowe r\u00f3wnie\u017c nie przetrwa\u0142y okresu przemian. Mimo tego od kilku lat praca z m\u0142odzie\u017c\u0105 zaczyna si\u0119 jednak rozwija\u0107.<br>Na terenie miasta M\u0142odzie\u017cowe Dru\u017cyny Po\u017carnicze ponownie pojawiaj\u0105 si\u0119 w 2003 roku.<br>Najbardziej pr\u0119\u017cne OSP podj\u0119\u0142y wsp\u00f3\u0142prac\u0119 z Zespo\u0142ami Szk\u00f3\u0142, z kt\u00f3rych pochodz\u0105 cz\u0142onkowie tych dru\u017cyn. Pierwsze dru\u017cyny powsta\u0142y przy OSP Unilever i Telefonika Kable.<br>W 2003 roku powsta\u0142y 2 dru\u017cyny ch\u0142opi\u0119ce i 1 dziewcz\u0119ca MDP z Zespo\u0142u Szk\u00f3\u0142 Nr 27. Dru\u017cyny te startowa\u0142y w 2003r w II Wojew\u00f3dzkich Zawodach MDP-CTIF. Dru\u017cyna dziewcz\u0105t z OSP Unilever wygrywaj\u0105c zawody w swojej kategorii jako pierwsza w historii sportu po\u017carniczego w Bydgoszczy zakwalifikowa\u0142a si\u0119 na Zawody Og\u00f3lnopolskie &#8211; Ryman\u00f3w 2004r. Tam zaj\u0119\u0142a si\u00f3dm\u0105 lokat\u0119 na 17 startuj\u0105cych dru\u017cyn.<br>W 2004 roku na Zawodach Wojew\u00f3dzkich wystartowa\u0142y dru\u017cyny z OSP Telefonika Kable, Lucent Technologies i Unilever.<br>W 2005 roku w IV Wojew\u00f3dzkich Zawodach MDP- CTIF miasto Bydgoszcz reprezentowa\u0142o pi\u0119\u0107 dru\u017cyn. Trzy dru\u017cyny przy OSP Unilever z Z.Sz. Nr 27, jedna dru\u017cyna przy OSP Telefonika- Kable z Z.Sz. Nr 15 oraz jedna dru\u017cyna przy OSP Lucent Technologies z Z Sz. Nr 14. Dru\u017cyna z Lucent Technologies zaj\u0119\u0142a pierwsze miejsce w kategorii ch\u0142opc\u00f3w, a w kategorii dziewcz\u0105t trzecie miejsce zdoby\u0142a dru\u017cyna przy OSP Unilever z ZSz Nr 27. W tych zawodach udzia\u0142 bra\u0142a zaprzyja\u017aniona dru\u017cyna austriacka z Voralrbergu, kt\u00f3ra osi\u0105gn\u0119\u0142a najlepszy wynik zawod\u00f3w.<br><\/p>\n\n\n\n<p>Obecnie na terenie Bydgoszczy dzia\u0142aj\u0105 2 dru\u017cyny MDP przy ZOSP Unilever Bydgoszcz i OSP Bydgoszcz-Fordon<\/p>\n\n\n\n<p><\/p>\n\n\n\n<p>Zarz\u0105d Oddzia\u0142u Miejskiego w Bydgoszczy wraz z Zarz\u0105dem Oddzia\u0142u Wojew\u00f3dzkiego Wojew\u00f3dztwa Kujawsko-pomorskiego jest organizatorem Wojew\u00f3dzkich Zawod\u00f3w MDP wg CTIF.<br>Za organizacj\u0119 i s\u0119dziowanie w ca\u0142o\u015bci odpowiedzialni s\u0105 stra\u017cacy ochotnicy. Zawody Wojew\u00f3dzkie odbywaj\u0105 si\u0119 co roku, aby zaktywizowa\u0107 i u\u0142atwi\u0107 prac\u0119 z m\u0142odzie\u017c\u0105 w naszym wojew\u00f3dztwie.<\/p>\n","protected":false},"excerpt":{"rendered":"<p>M\u0142odzie\u017cowe Dru\u017cyny Po\u017carnicze Sk\u0142ad Komisji do spraw m\u0142odzie\u017cy 2021-2026 Przewodnicz\u0105cy \u2013 Burzy\u0144ski Jerzy,Sekretarz \u2013 Mieczkowska AgnieszkaCz\u0142onek \u2013 Kalinowska Jolanta,Cz\u0142onek \u2013 Szmyt Ewa,Cz\u0142onek \u2013 Wilandt Izabela,Cz\u0142onek \u2013 Kroll J\u0119drzej,Cz\u0142onek \u2013 Grzeli\u0144ski Damian,Cz\u0142onek \u2013 Schalau Roman,przygotowa\u0142: Leszek Szmyt M\u0142odzie\u017c w OSP to pewno\u015b\u0107, \u017ce jednostka b\u0119dzie w przysz\u0142o\u015bci spe\u0142nia\u0107 swoje zadania. To dzi\u0119ki inwestowaniu w szkolenie MDP &hellip; <a href=\"http:\/\/www.zosp.bydgoszcz.pl\/?page_id=21\" class=\"more-link\">Czytaj dalej <span class=\"screen-reader-text\">MDP<\/span> <span class=\"meta-nav\">&rarr;<\/span><\/a><\/p>\n","protected":false},"author":1,"featured_media":49,"parent":0,"menu_order":0,"comment_status":"closed","ping_status":"closed","template":"","meta":{"ngg_post_thumbnail":0,"footnotes":""},"class_list":["post-21","page","type-page","status-publish","has-post-thumbnail","hentry"],"_links":{"self":[{"href":"http:\/\/www.zosp.bydgoszcz.pl\/index.php?rest_route=\/wp\/v2\/pages\/21","targetHints":{"allow":["GET"]}}],"collection":[{"href":"http:\/\/www.zosp.bydgoszcz.pl\/index.php?rest_route=\/wp\/v2\/pages"}],"about":[{"href":"http:\/\/www.zosp.bydgoszcz.pl\/index.php?rest_route=\/wp\/v2\/types\/page"}],"author":[{"embeddable":true,"href":"http:\/\/www.zosp.bydgoszcz.pl\/index.php?rest_route=\/wp\/v2\/users\/1"}],"replies":[{"embeddable":true,"href":"http:\/\/www.zosp.bydgoszcz.pl\/index.php?rest_route=%2Fwp%2Fv2%2Fcomments&post=21"}],"version-history":[{"count":4,"href":"http:\/\/www.zosp.bydgoszcz.pl\/index.php?rest_route=\/wp\/v2\/pages\/21\/revisions"}],"predecessor-version":[{"id":273,"href":"http:\/\/www.zosp.bydgoszcz.pl\/index.php?rest_route=\/wp\/v2\/pages\/21\/revisions\/273"}],"wp:featuredmedia":[{"embeddable":true,"href":"http:\/\/www.zosp.bydgoszcz.pl\/index.php?rest_route=\/wp\/v2\/media\/49"}],"wp:attachment":[{"href":"http:\/\/www.zosp.bydgoszcz.pl\/index.php?rest_route=%2Fwp%2Fv2%2Fmedia&parent=21"}],"curies":[{"name":"wp","href":"https:\/\/api.w.org\/{rel}","templated":true}]}}