{"id":17,"date":"2022-08-11T07:00:28","date_gmt":"2022-08-11T05:00:28","guid":{"rendered":"http:\/\/www.zosp.bydgoszcz.pl\/?page_id=17"},"modified":"2025-09-10T20:26:24","modified_gmt":"2025-09-10T18:26:24","slug":"regulaminy-zawodow","status":"publish","type":"page","link":"http:\/\/www.zosp.bydgoszcz.pl\/?page_id=17","title":{"rendered":"Regulaminy Zawod\u00f3w"},"content":{"rendered":"\n<p><a href=\"https:\/\/zosprp.pl\/wp-content\/uploads\/2022\/01\/mdp-ctif-2010.pdf\">Regulamin M\u0142odzie\u017cowych Zawod\u00f3w Sportowo \u2013 Po\u017carniczych wg CTIF<\/a><\/p>\n\n\n\n<p><a href=\"https:\/\/zosprp.pl\/wp-content\/uploads\/2023\/12\/Regulamin_zawody_halowe_mdp2023.pdf\">Regulamin Halowych M\u0142odzie\u017cowych Zawod\u00f3w Sportowo-Po\u017carniczych<\/a>   <\/p>\n\n\n\n<p><a href=\"https:\/\/zosprp.pl\/wp-content\/uploads\/2025\/06\/regulamin_zawodow_20250605104921392-4.pdf\">Regulamin Zawod\u00f3w Sportowo-Po\u017carniczych OSP<\/a><\/p>\n\n\n\n<p><a href=\"https:\/\/zosprp.pl\/wp-content\/uploads\/2022\/01\/Regulamin_dorosli_wg_CTIF.pdf\">Regulamin tradycyjnych mi\u0119dzynarodowych zawod\u00f3w po\u017carniczych<\/a><\/p>\n\n\n\n<p><a href=\"http:\/\/www.zosp.bydgoszcz.pl\/pdf\/regulaminy\/trojki.pdf\">Regulamin &#8222;tr\u00f3jek&#8221;<\/a><\/p>\n\n\n\n<p><a href=\"https:\/\/zosprp.pl\/wp-content\/uploads\/2022\/01\/Zasady-przeprowadzania-i-oceny-musztry.pdf\">Regulamin musztry<\/a><\/p>\n","protected":false},"excerpt":{"rendered":"<p>Regulamin M\u0142odzie\u017cowych Zawod\u00f3w Sportowo \u2013 Po\u017carniczych wg CTIF Regulamin Halowych M\u0142odzie\u017cowych Zawod\u00f3w Sportowo-Po\u017carniczych Regulamin Zawod\u00f3w Sportowo-Po\u017carniczych OSP Regulamin tradycyjnych mi\u0119dzynarodowych zawod\u00f3w po\u017carniczych Regulamin &#8222;tr\u00f3jek&#8221; Regulamin musztry<\/p>\n","protected":false},"author":1,"featured_media":0,"parent":0,"menu_order":0,"comment_status":"closed","ping_status":"closed","template":"","meta":{"ngg_post_thumbnail":0,"footnotes":""},"class_list":["post-17","page","type-page","status-publish","hentry"],"_links":{"self":[{"href":"http:\/\/www.zosp.bydgoszcz.pl\/index.php?rest_route=\/wp\/v2\/pages\/17","targetHints":{"allow":["GET"]}}],"collection":[{"href":"http:\/\/www.zosp.bydgoszcz.pl\/index.php?rest_route=\/wp\/v2\/pages"}],"about":[{"href":"http:\/\/www.zosp.bydgoszcz.pl\/index.php?rest_route=\/wp\/v2\/types\/page"}],"author":[{"embeddable":true,"href":"http:\/\/www.zosp.bydgoszcz.pl\/index.php?rest_route=\/wp\/v2\/users\/1"}],"replies":[{"embeddable":true,"href":"http:\/\/www.zosp.bydgoszcz.pl\/index.php?rest_route=%2Fwp%2Fv2%2Fcomments&post=17"}],"version-history":[{"count":11,"href":"http:\/\/www.zosp.bydgoszcz.pl\/index.php?rest_route=\/wp\/v2\/pages\/17\/revisions"}],"predecessor-version":[{"id":2217,"href":"http:\/\/www.zosp.bydgoszcz.pl\/index.php?rest_route=\/wp\/v2\/pages\/17\/revisions\/2217"}],"wp:attachment":[{"href":"http:\/\/www.zosp.bydgoszcz.pl\/index.php?rest_route=%2Fwp%2Fv2%2Fmedia&parent=17"}],"curies":[{"name":"wp","href":"https:\/\/api.w.org\/{rel}","templated":true}]}}