{"id":13,"date":"2022-08-11T06:59:39","date_gmt":"2022-08-11T04:59:39","guid":{"rendered":"http:\/\/www.zosp.bydgoszcz.pl\/?page_id=13"},"modified":"2026-01-15T10:22:26","modified_gmt":"2026-01-15T09:22:26","slug":"sklad-zarzadu","status":"publish","type":"page","link":"http:\/\/www.zosp.bydgoszcz.pl\/?page_id=13","title":{"rendered":"Sk\u0142ad Zarz\u0105du"},"content":{"rendered":"\n<p class=\"has-text-align-center has-medium-font-size\">Sk\u0142ad Zarz\u0105du oraz Komisji Rewizyjnej Oddzia\u0142u Miejskiego OSP RP w Bydgoszczy<br>Wybranego w dniu 4.11.2021, podczas XII Zjazdu&nbsp; Oddzia\u0142u Miejskiego Zwi\u0105zku OSP RP<\/p>\n\n\n\n<p><strong>Sk\u0142ad zarz\u0105du:<\/strong><br>Szmyt Leszek &#8211; Prezes<br>Myszka Czes\u0142aw &#8211; V-ce Prezes &#8211; sekretarz<br>Burzy\u0144ski Jerzy &#8211; V-ce Prezes \u2013 gospodarz<br>Kowalczyk Wojciech &#8211; Skarbnik<br>Kroll J\u0119drzej &#8211; Cz\u0142onek Prezydium<br>S\u0142owi\u0144ski Arkadiusz &#8211; Cz\u0142onek Prezydium<br>Fr\u0105ckowiak Tomasz &#8211; Cz\u0142onek Prezydium<\/p>\n\n\n\n<p>Bagniewski Pawe\u0142 &#8211; Cz\u0142onek<br>Grzeli\u0144ski Damian &#8211; Cz\u0142onek <br>Da\u0144czyk Artur &#8211; Cz\u0142onek<br>Lustig Marcin &#8211; Cz\u0142onek<br>Osi\u0144ska Monika &#8211; Cz\u0142onek<br>Polachowski S\u0142awomir &#8211; Cz\u0142onek<br>Przybyli\u0144ski Artur &#8211; Cz\u0142onek<br>Kirsz Pawe\u0142 &#8211; Cz\u0142onek<br>Szimelpfenig Marek &#8211; Cz\u0142onek<br>Szmyt Marcin &#8211; Cz\u0142onek<br>m\u0142. bryg. Zwolenkiewicz Marcin &#8211; Cz\u0142onek \u2013 KM PSP w Bydgoszczy<br>Skrycki Zbigniew &#8211; Cz\u0142onek \u2013 UM Bydgoszcz<\/p>\n\n\n\n<p><strong>Sk\u0142ad Komisji Rewizyjnej<\/strong><br>Kwiatkowski Arkadiusz &#8211; Przewodnicz\u0105cy<br>Stypka Zdzis\u0142aw &#8211; Z-ca Przewodnicz\u0105cego<br>Damazyn Leszek &#8211; Sekretarz<br>Kukie\u0142czy\u0144ski Arkadiusz &#8211; Cz\u0142onek<br>Kutka Krzysztof &#8211; Cz\u0142onek<\/p>\n\n\n\n<p><strong>Terminy posiedze\u0144 w 2026 roku<\/strong><\/p>\n\n\n\n<p>Prezydium Zarz\u0105du:<br>2026-01-14<br>2026-02-11<br>2025-04-09<br>2026-04-15<br>2026-06-10<br>2026-07 wg. potrzeb, do uzgodnienia<br>2026-08 wg. potrzeb, do uzgodnienia<br>2026-09-02<br>2026-10-07<br>2025-11-12<\/p>\n\n\n\n<p>Terminy posiedze\u0144 Zarz\u0105du:<br>2026-04-09 miejsce do ustalenia<br>2026-11-12 miejsce do ustalenia<\/p>\n\n\n\n<p>Zjazd ZOM:<br>2026-12-04 miejsce do ustalenia <\/p>\n\n\n\n<p>Prezydium spotyka si\u0119 w biurze OM przy ul Pomorskiej 16 w \u015brody o godzinie 17.00.<br>Posiedzenia Zarz\u0105du miejsce do ustalenia.<br>O ewentualnej zmianie terminu i miejsca cz\u0142onkowie zostan\u0105 zawiadomieni 7 dni przed terminem.<\/p>\n","protected":false},"excerpt":{"rendered":"<p>Sk\u0142ad Zarz\u0105du oraz Komisji Rewizyjnej Oddzia\u0142u Miejskiego OSP RP w BydgoszczyWybranego w dniu 4.11.2021, podczas XII Zjazdu&nbsp; Oddzia\u0142u Miejskiego Zwi\u0105zku OSP RP Sk\u0142ad zarz\u0105du:Szmyt Leszek &#8211; PrezesMyszka Czes\u0142aw &#8211; V-ce Prezes &#8211; sekretarzBurzy\u0144ski Jerzy &#8211; V-ce Prezes \u2013 gospodarzKowalczyk Wojciech &#8211; SkarbnikKroll J\u0119drzej &#8211; Cz\u0142onek PrezydiumS\u0142owi\u0144ski Arkadiusz &#8211; Cz\u0142onek PrezydiumFr\u0105ckowiak Tomasz &#8211; Cz\u0142onek Prezydium Bagniewski &hellip; <a href=\"http:\/\/www.zosp.bydgoszcz.pl\/?page_id=13\" class=\"more-link\">Czytaj dalej <span class=\"screen-reader-text\">Sk\u0142ad Zarz\u0105du<\/span> <span class=\"meta-nav\">&rarr;<\/span><\/a><\/p>\n","protected":false},"author":1,"featured_media":0,"parent":0,"menu_order":0,"comment_status":"closed","ping_status":"closed","template":"","meta":{"ngg_post_thumbnail":0,"footnotes":""},"class_list":["post-13","page","type-page","status-publish","hentry"],"_links":{"self":[{"href":"http:\/\/www.zosp.bydgoszcz.pl\/index.php?rest_route=\/wp\/v2\/pages\/13","targetHints":{"allow":["GET"]}}],"collection":[{"href":"http:\/\/www.zosp.bydgoszcz.pl\/index.php?rest_route=\/wp\/v2\/pages"}],"about":[{"href":"http:\/\/www.zosp.bydgoszcz.pl\/index.php?rest_route=\/wp\/v2\/types\/page"}],"author":[{"embeddable":true,"href":"http:\/\/www.zosp.bydgoszcz.pl\/index.php?rest_route=\/wp\/v2\/users\/1"}],"replies":[{"embeddable":true,"href":"http:\/\/www.zosp.bydgoszcz.pl\/index.php?rest_route=%2Fwp%2Fv2%2Fcomments&post=13"}],"version-history":[{"count":16,"href":"http:\/\/www.zosp.bydgoszcz.pl\/index.php?rest_route=\/wp\/v2\/pages\/13\/revisions"}],"predecessor-version":[{"id":2362,"href":"http:\/\/www.zosp.bydgoszcz.pl\/index.php?rest_route=\/wp\/v2\/pages\/13\/revisions\/2362"}],"wp:attachment":[{"href":"http:\/\/www.zosp.bydgoszcz.pl\/index.php?rest_route=%2Fwp%2Fv2%2Fmedia&parent=13"}],"curies":[{"name":"wp","href":"https:\/\/api.w.org\/{rel}","templated":true}]}}